{"id":1652,"date":"2021-11-27T10:34:51","date_gmt":"2022-01-18T12:55:43","guid":{"rendered":"https:\/\/uppari.fi\/product\/ein-ganz-grauer-kapuzen-uppari\/"},"modified":"2025-06-12T16:54:04","modified_gmt":"2025-06-12T13:54:04","slug":"alle-grauen-hauben-uppari","status":"publish","type":"product","link":"https:\/\/uppari.fi\/de\/produkt\/alle-grauen-hauben-uppari\/","title":{"rendered":"Ein ganz grauer Kapuzen-Uppari"},"content":{"rendered":"<p>&nbsp;<\/p>\n<p>&#8211; Uppari ist eine superweiche Kapuzendecke in Einheitsgr\u00f6\u00dfe, die f\u00fcr alle passt. Das Design basiert auf einem 6XL-Kapuzenpullover.<\/p>\n<p>Dieses warme und weiche Fleece f\u00fchlt sich an, als w\u00fcrde man mit einem Schaf kuscheln, mit Flanell auf der Au\u00dfenseite und Sherpa auf der Innenseite. Dar\u00fcber hinaus ist das Produkt zu 100 % frei von Tierqu\u00e4lerei.<\/p>\n<p>&#8211; Leicht zu waschen und zu pflegen. Waschen Sie es einfach in der Maschine!<\/p>\n<p>Es ist der perfekte Begleiter f\u00fcr fast alles: Sommercamping, Entspannen zu Hause, Zeit mit Freunden verbringen, mit Ihrem Haustier kuscheln, oder was auch immer Sie tun m\u00f6chten&#8230;<\/p>\n<p>&#8211; M\u00f6chten Sie den Uppari verschenken? Wir legen jedem Paket eine KOSTENLOSE Schleife bei!<\/p>\n<p>WARUM BEI UNS KAUFEN?<br \/>\nKOSTENLOSER VERSAND UND R\u00dcCKVERSAND F\u00dcR ALLE FINNISCHEN BESTELLUNGEN.<br \/>\n100% Zufriedenheitsgarantie oder Sie erhalten Ihr Geld zur\u00fcck. Bitte kontaktieren Sie uns f\u00fcr R\u00fccksendeantr\u00e4ge.<br \/>\nHochwertigste Materialien, die au\u00dfergew\u00f6hnliche Erfahrung und Komfort garantieren.<br \/>\n100% frei von Grausamkeit<br \/>\nDer Uppari ist l\u00e4nger als die meisten unserer Mitbewerber &#8211; das macht ihn besonders bequem und bedeckt mehr von Ihren Beinen.<\/p>\n<p>SIE LIEBEN ES, WARM UND KUSCHELIG ZU SEIN?<br \/>\nDER UPPARI IST WIE EINE RIESIGE BUNTE UMARMUNG.<\/p>\n<p>ER IST PERFEKT F\u00dcR:<br \/>\nCampingausfl\u00fcge im Sommer<br \/>\nFrostig kalte Morgenstunden<br \/>\nFilme mit Freunden ansehen<br \/>\nNickerchen am Abend<\/p>\n<p>WARTEN SIE NICHT!<\/p>\n<p>Aufgrund der hohen Nachfrage sind wir oft ausverkauft. Wenn Sie weitere Fragen haben, schicken Sie uns bitte eine E-Mail an help@uppari.com<\/p>\n<p>&nbsp;<\/p>\n","protected":false},"excerpt":{"rendered":"<p>&nbsp; &#8211; Uppari ist eine superweiche Kapuzendecke in Einheitsgr\u00f6\u00dfe, die f\u00fcr alle passt. Das Design basiert auf einem 6XL-Kapuzenpullover. Dieses warme und weiche Fleece f\u00fchlt sich an, als w\u00fcrde man mit einem Schaf kuscheln, mit Flanell auf der Au\u00dfenseite und Sherpa auf der Innenseite. Dar\u00fcber hinaus ist das Produkt zu 100 % frei von Tierqu\u00e4lerei. [&#8230;]\n","protected":false},"featured_media":1142,"comment_status":"open","ping_status":"closed","template":"","meta":[],"product_brand":[],"product_cat":[134],"product_tag":[],"class_list":{"0":"post-1652","1":"product","2":"type-product","3":"status-publish","4":"has-post-thumbnail","6":"product_cat-unkategorisiert","8":"first","9":"instock","10":"sale","11":"taxable","12":"shipping-taxable","13":"purchasable","14":"product-type-simple"},"_links":{"self":[{"href":"https:\/\/uppari.fi\/de\/wp-json\/wp\/v2\/product\/1652","targetHints":{"allow":["GET"]}}],"collection":[{"href":"https:\/\/uppari.fi\/de\/wp-json\/wp\/v2\/product"}],"about":[{"href":"https:\/\/uppari.fi\/de\/wp-json\/wp\/v2\/types\/product"}],"replies":[{"embeddable":true,"href":"https:\/\/uppari.fi\/de\/wp-json\/wp\/v2\/comments?post=1652"}],"wp:featuredmedia":[{"embeddable":true,"href":"https:\/\/uppari.fi\/de\/wp-json\/wp\/v2\/media\/1142"}],"wp:attachment":[{"href":"https:\/\/uppari.fi\/de\/wp-json\/wp\/v2\/media?parent=1652"}],"wp:term":[{"taxonomy":"product_brand","embeddable":true,"href":"https:\/\/uppari.fi\/de\/wp-json\/wp\/v2\/product_brand?post=1652"},{"taxonomy":"product_cat","embeddable":true,"href":"https:\/\/uppari.fi\/de\/wp-json\/wp\/v2\/product_cat?post=1652"},{"taxonomy":"product_tag","embeddable":true,"href":"https:\/\/uppari.fi\/de\/wp-json\/wp\/v2\/product_tag?post=1652"}],"curies":[{"name":"wp","href":"https:\/\/api.w.org\/{rel}","templated":true}]}}