{"id":1682,"date":"2021-11-27T10:36:29","date_gmt":"2022-01-22T07:57:08","guid":{"rendered":"https:\/\/uppari.fi\/product\/un-uppari-todo-rosa-con-capucha\/"},"modified":"2025-06-12T16:54:53","modified_gmt":"2025-06-12T13:54:53","slug":"un-uppari-todo-rosa-con-capucha","status":"publish","type":"product","link":"https:\/\/uppari.fi\/es\/producto\/un-uppari-todo-rosa-con-capucha\/","title":{"rendered":"Un uppari todo rosa con capucha"},"content":{"rendered":"<p>&nbsp;<\/p>\n<p>&#8211; Uppari es una supersuave manta con capucha en talla \u00fanica. El dise\u00f1o se basa en una sudadera con capucha de talla 6XL.<\/p>\n<p>El tacto de su c\u00e1lido y suave forro polar es como abrazar una oveja, con franela por fuera y tejido sherpa por dentro. Adem\u00e1s, el producto es 100 % libre de crueldad con animales.<\/p>\n<p>&#8211; F\u00e1cil de lavar y cuidar. \u00a1Es apto para la lavadora!<\/p>\n<p>El compa\u00f1ero perfecto para casi cualquier cosa: acampar en verano, relajarte en casa, pasar tiempo con los amigos, acurrucarte con tu mascota o cualquier cosa que te apetezca&#8230;<\/p>\n<p>&#8211; \u00bfTe gustar\u00eda regalar Uppari? \u00a1Incluimos un lazo GRATIS con cada paquete!<\/p>\n<p>\u00bfPOR QU\u00c9 COMPRAR CON NOSOTROS?<br \/>\nENV\u00cdO Y DEVOLUCIONES GRATIS PARA TODOS LOS PEDIDOS DESDE FINLANDIA.<br \/>\nGarant\u00eda de satisfacci\u00f3n del 100% o te devolvemos tu dinero. Ponte en contacto con nosotros si quieres solicitar una devoluci\u00f3n.<br \/>\nMaterial de la m\u00e1s alta calidad que te garantiza una experiencia y una comodidad excepcionales.<br \/>\n100 % libre de crueldad con animales<br \/>\nUppari es m\u00e1s largo que la mayor\u00eda de productos de la competencia para ofrecerte comodidad adicional y m\u00e1s cobertura para las piernas.<\/p>\n<p>\u00bfTE GUSTA ESTAR CALENTITO Y ACURRUCADO?<br \/>\nEL UPPARI ES COMO UN ABRAZO GIGANTE DE COLORES.<\/p>\n<p>ES PERFECTO PARA:<br \/>\nSalidas de acampada en verano<br \/>\nEsas ma\u00f1anas heladas<br \/>\nVer pel\u00edculas con amigos<br \/>\nUna cabezadita por la tarde<\/p>\n<p>\u00a1NO ESPERES M\u00c1S!<\/p>\n<p>Debido a la alta demanda, a veces se agota. Si tienes m\u00e1s preguntas, env\u00edanos un correo electr\u00f3nico a help@uppari.com<\/p>\n<p>&nbsp;<\/p>\n","protected":false},"excerpt":{"rendered":"<p>&nbsp; &#8211; Uppari es una supersuave manta con capucha en talla \u00fanica. El dise\u00f1o se basa en una sudadera con capucha de talla 6XL. El tacto de su c\u00e1lido y suave forro polar es como abrazar una oveja, con franela por fuera y tejido sherpa por dentro. Adem\u00e1s, el producto es 100 % libre de [&#8230;]\n","protected":false},"featured_media":1212,"comment_status":"open","ping_status":"closed","template":"","meta":[],"product_brand":[],"product_cat":[140],"product_tag":[],"class_list":{"0":"post-1682","1":"product","2":"type-product","3":"status-publish","4":"has-post-thumbnail","6":"product_cat-sin-categorizar","8":"first","9":"instock","10":"sale","11":"taxable","12":"shipping-taxable","13":"purchasable","14":"product-type-simple"},"_links":{"self":[{"href":"https:\/\/uppari.fi\/es\/wp-json\/wp\/v2\/product\/1682","targetHints":{"allow":["GET"]}}],"collection":[{"href":"https:\/\/uppari.fi\/es\/wp-json\/wp\/v2\/product"}],"about":[{"href":"https:\/\/uppari.fi\/es\/wp-json\/wp\/v2\/types\/product"}],"replies":[{"embeddable":true,"href":"https:\/\/uppari.fi\/es\/wp-json\/wp\/v2\/comments?post=1682"}],"wp:featuredmedia":[{"embeddable":true,"href":"https:\/\/uppari.fi\/es\/wp-json\/wp\/v2\/media\/1212"}],"wp:attachment":[{"href":"https:\/\/uppari.fi\/es\/wp-json\/wp\/v2\/media?parent=1682"}],"wp:term":[{"taxonomy":"product_brand","embeddable":true,"href":"https:\/\/uppari.fi\/es\/wp-json\/wp\/v2\/product_brand?post=1682"},{"taxonomy":"product_cat","embeddable":true,"href":"https:\/\/uppari.fi\/es\/wp-json\/wp\/v2\/product_cat?post=1682"},{"taxonomy":"product_tag","embeddable":true,"href":"https:\/\/uppari.fi\/es\/wp-json\/wp\/v2\/product_tag?post=1682"}],"curies":[{"name":"wp","href":"https:\/\/api.w.org\/{rel}","templated":true}]}}