{"id":1649,"date":"2021-11-27T10:34:13","date_gmt":"2022-01-13T12:20:07","guid":{"rendered":"https:\/\/uppari.fi\/product\/uleni-must-kapuutsiga-uppari\/"},"modified":"2025-06-12T16:51:58","modified_gmt":"2025-06-12T13:51:58","slug":"an-all-black-hooded-uppari","status":"publish","type":"product","link":"https:\/\/uppari.fi\/et\/toode\/an-all-black-hooded-uppari\/","title":{"rendered":"\u00dcleni must kapuutsiga uppari"},"content":{"rendered":"<p>&nbsp;<\/p>\n<p>&#8211; Uppari on \u00fclipehme kapuutsiga tekk, mis sobib igale suurusele. Mudel l\u00e4htub 6XL suuruses pusast.<\/p>\n<p>See soe ja pehme fliis tundub nagu lamba kaisutamine: flanell v\u00e4ljas ja \u0161erpa voodriks. Lisaks on toode 100% v\u00e4givallavaba.<\/p>\n<p>&#8211; Lihtne pesta ja hoolt kanda. Pese seda lihtsalt masinas!<\/p>\n<p>See on ideaalne kaaslane peaagu k\u00f5igeks: Suvel matkamine, kodus l\u00f5\u00f5gastumine, s\u00f5pradega aja veetmine, lemmiklooma kaisutamine v\u00f5i mis iganes muu teile meeldib&#8230;<\/p>\n<p>&#8211; Soovite kellelegi uppari kinkida? Paneme igasse pakki TASUTA lehvi!<\/p>\n<p>MIKS MEILT OSTA?<br \/>\nTASUTA SAATMINE JA TAGASTUSED K\u00d5IGILE SOOME TELLIMUSTELE.<br \/>\n100% rahulolu garantii v\u00f5i raha tagasi. Palun v\u00f5tke meiega tagastuse osas \u00fchendust.<br \/>\nK\u00f5rgeima kvaliteediga materjal, mis garanteerib erakordse kogemuse ja mugavuse.<br \/>\n100% v\u00e4givallavaba<br \/>\nUppari on pikem kui teised sarnased tooted &#8211; seega on see \u00e4\u00e4rmiselt mugav ja katab ka teie jalad.<\/p>\n<p>KAS TEILE MEELDIB OLLA SOOJAS JA \u00d5DUSUSES?<br \/>\nUPPARI ON NAGU HIIGLASLIK V\u00c4RVILINE KALLISTUS.<\/p>\n<p>SEE ON IDEAALNE:<br \/>\nSuvel matkamiseks<br \/>\nJ\u00e4isteks k\u00fclmadeks hommikuteks<br \/>\nS\u00f5pradega filmi vaatamiseks<br \/>\n\u00d5htul tukastamiseks<\/p>\n<p>\u00c4RGE OODAKE!<\/p>\n<p>Suure n\u00f5udluse t\u00f5ttu saavad tooted tihti otsa. Kui teil on veel k\u00fcsimusi, kirjutage meile: help@uppari.com<\/p>\n<p>&nbsp;<\/p>\n","protected":false},"excerpt":{"rendered":"<p>&nbsp; &#8211; Uppari on \u00fclipehme kapuutsiga tekk, mis sobib igale suurusele. Mudel l\u00e4htub 6XL suuruses pusast. See soe ja pehme fliis tundub nagu lamba kaisutamine: flanell v\u00e4ljas ja \u0161erpa voodriks. Lisaks on toode 100% v\u00e4givallavaba. &#8211; Lihtne pesta ja hoolt kanda. Pese seda lihtsalt masinas! See on ideaalne kaaslane peaagu k\u00f5igeks: Suvel matkamine, kodus l\u00f5\u00f5gastumine, [&#8230;]\n","protected":false},"featured_media":343,"comment_status":"open","ping_status":"closed","template":"","meta":[],"product_brand":[],"product_cat":[79],"product_tag":[],"class_list":{"0":"post-1649","1":"product","2":"type-product","3":"status-publish","4":"has-post-thumbnail","6":"product_cat-uncategorized-et","8":"first","9":"instock","10":"sale","11":"taxable","12":"shipping-taxable","13":"purchasable","14":"product-type-simple"},"_links":{"self":[{"href":"https:\/\/uppari.fi\/et\/wp-json\/wp\/v2\/product\/1649","targetHints":{"allow":["GET"]}}],"collection":[{"href":"https:\/\/uppari.fi\/et\/wp-json\/wp\/v2\/product"}],"about":[{"href":"https:\/\/uppari.fi\/et\/wp-json\/wp\/v2\/types\/product"}],"replies":[{"embeddable":true,"href":"https:\/\/uppari.fi\/et\/wp-json\/wp\/v2\/comments?post=1649"}],"wp:featuredmedia":[{"embeddable":true,"href":"https:\/\/uppari.fi\/et\/wp-json\/wp\/v2\/media\/343"}],"wp:attachment":[{"href":"https:\/\/uppari.fi\/et\/wp-json\/wp\/v2\/media?parent=1649"}],"wp:term":[{"taxonomy":"product_brand","embeddable":true,"href":"https:\/\/uppari.fi\/et\/wp-json\/wp\/v2\/product_brand?post=1649"},{"taxonomy":"product_cat","embeddable":true,"href":"https:\/\/uppari.fi\/et\/wp-json\/wp\/v2\/product_cat?post=1649"},{"taxonomy":"product_tag","embeddable":true,"href":"https:\/\/uppari.fi\/et\/wp-json\/wp\/v2\/product_tag?post=1649"}],"curies":[{"name":"wp","href":"https:\/\/api.w.org\/{rel}","templated":true}]}}