{"id":1676,"date":"2021-11-27T10:36:29","date_gmt":"2022-01-22T07:48:39","guid":{"rendered":"https:\/\/uppari.fi\/product\/taysin-vaaleanpunainen-hupullinen-uppari\/"},"modified":"2025-06-12T16:56:41","modified_gmt":"2025-06-12T13:56:41","slug":"taysin-vaaleanpunainen-hupullinen-uppari","status":"publish","type":"product","link":"https:\/\/uppari.fi\/fi\/tuote\/taysin-vaaleanpunainen-hupullinen-uppari\/","title":{"rendered":"T\u00e4ysin vaaleanpunainen hupullinen uppari"},"content":{"rendered":"<p>&nbsp;<\/p>\n<p>-Uppari on eritt\u00e4in pehme\u00e4, yksi koko, joka sopii eniten hupulliselle viltille. Suunnittelu perustuu 6XL huppariin.<\/p>\n<p>T\u00e4m\u00e4 l\u00e4mmin ja pehme\u00e4 fleece tuntuu aivan kuin k\u00e4pertyisi lampaan ulkopuolelle flanellilla ja sherpalla sis\u00e4puolella. Lis\u00e4ksi tuote on 100-prosenttisesti julmuudesta vapaa.<\/p>\n<p>&#8211; Helppo pest\u00e4 ja huoltaa. Pese se koneessa!<\/p>\n<p>T\u00e4m\u00e4 on t\u00e4ydellinen kumppani melkein kaikkeen: kes\u00e4leirille, rentoutumiseen kotona, yst\u00e4vien kanssa viett\u00e4miseen, lemmikkisi halaamiseen tai mihin tahansa muuhun tekemiseen &#8230;<\/p>\n<p>Haluatko lahjoittaa Upparin? Jokaiseen pakettiin sis\u00e4ltyy ilmainen nauha rusetti!<\/p>\n<p>MIKSI OSTAA MEILT\u00c4?<br \/>\nILMAINEN TOIMITUS JA PALAUTUS KAIKILLE SUOMEN TILAUKSILLE.<br \/>\n100% tyytyv\u00e4isyystakuu tai rahat takaisin. Ota yhteytt\u00e4 palautuspyynt\u00f6ihin.<br \/>\nKorkealaatuinen materiaali, joka takaa poikkeuksellisen kokemuksen ja mukavuuden.<br \/>\n100% Julmuudesta vapaa<br \/>\nUppari on pidempi kuin useimmat kilpailijamme &#8211; t\u00e4m\u00e4 tekee niist\u00e4 erityisen mukavia ja peitt\u00e4\u00e4 enemm\u00e4n jalkojasi.<\/p>\n<p>PID\u00c4TK\u00d6 L\u00c4MPIM\u00c4ST\u00c4 JA MUKAVASTA OLOSTA?<br \/>\nUPPARI ON KUIN J\u00c4TTIM\u00c4INEN V\u00c4RIK\u00c4S HALAUS.<\/p>\n<p>SE ON T\u00c4YDELLINEN:<br \/>\nKes\u00e4leiriretket<br \/>\nNe kylm\u00e4t aamut<br \/>\nElokuvien katselu yst\u00e4vien kanssa<br \/>\nIltaunet<\/p>\n<p>\u00c4L\u00c4 ODOTA!<\/p>\n<p>Suuren kysynn\u00e4n vuoksi myymme usein loppuun. Jos sinulla on kysytt\u00e4v\u00e4\u00e4, l\u00e4het\u00e4 meille s\u00e4hk\u00f6postia osoitteeseen help@uppari.com<\/p>\n<p>&nbsp;<\/p>\n","protected":false},"excerpt":{"rendered":"<p>&nbsp; -Uppari on eritt\u00e4in pehme\u00e4, yksi koko, joka sopii eniten hupulliselle viltille. Suunnittelu perustuu 6XL huppariin. T\u00e4m\u00e4 l\u00e4mmin ja pehme\u00e4 fleece tuntuu aivan kuin k\u00e4pertyisi lampaan ulkopuolelle flanellilla ja sherpalla sis\u00e4puolella. Lis\u00e4ksi tuote on 100-prosenttisesti julmuudesta vapaa. &#8211; Helppo pest\u00e4 ja huoltaa. Pese se koneessa! T\u00e4m\u00e4 on t\u00e4ydellinen kumppani melkein kaikkeen: kes\u00e4leirille, rentoutumiseen kotona, yst\u00e4vien [&#8230;]\n","protected":false},"featured_media":410,"comment_status":"open","ping_status":"closed","template":"","meta":[],"product_brand":[],"product_cat":[81],"product_tag":[],"class_list":{"0":"post-1676","1":"product","2":"type-product","3":"status-publish","4":"has-post-thumbnail","6":"product_cat-uncategorized-fi","8":"first","9":"instock","10":"sale","11":"taxable","12":"shipping-taxable","13":"purchasable","14":"product-type-simple"},"_links":{"self":[{"href":"https:\/\/uppari.fi\/fi\/wp-json\/wp\/v2\/product\/1676","targetHints":{"allow":["GET"]}}],"collection":[{"href":"https:\/\/uppari.fi\/fi\/wp-json\/wp\/v2\/product"}],"about":[{"href":"https:\/\/uppari.fi\/fi\/wp-json\/wp\/v2\/types\/product"}],"replies":[{"embeddable":true,"href":"https:\/\/uppari.fi\/fi\/wp-json\/wp\/v2\/comments?post=1676"}],"wp:featuredmedia":[{"embeddable":true,"href":"https:\/\/uppari.fi\/fi\/wp-json\/wp\/v2\/media\/410"}],"wp:attachment":[{"href":"https:\/\/uppari.fi\/fi\/wp-json\/wp\/v2\/media?parent=1676"}],"wp:term":[{"taxonomy":"product_brand","embeddable":true,"href":"https:\/\/uppari.fi\/fi\/wp-json\/wp\/v2\/product_brand?post=1676"},{"taxonomy":"product_cat","embeddable":true,"href":"https:\/\/uppari.fi\/fi\/wp-json\/wp\/v2\/product_cat?post=1676"},{"taxonomy":"product_tag","embeddable":true,"href":"https:\/\/uppari.fi\/fi\/wp-json\/wp\/v2\/product_tag?post=1676"}],"curies":[{"name":"wp","href":"https:\/\/api.w.org\/{rel}","templated":true}]}}