{"id":1663,"date":"2021-11-27T10:34:13","date_gmt":"2022-01-21T17:26:14","guid":{"rendered":"https:\/\/uppari.fi\/product\/visiskai-juodas-uppari-su-gobtuvu\/"},"modified":"2025-06-12T16:40:35","modified_gmt":"2025-06-12T13:40:35","slug":"visiskai-juodas-uppari-su-gobtuvu","status":"publish","type":"product","link":"https:\/\/uppari.fi\/lt\/produktas\/visiskai-juodas-uppari-su-gobtuvu\/","title":{"rendered":"Visi\u0161kai juodas Uppari su gobtuvu"},"content":{"rendered":"<p>&nbsp;<\/p>\n<p>&#8211; \u201eUppari\u201c yra itin mink\u0161ta, universalaus dyd\u017eio antklod\u0117 su gobtuvu. Dizainas pritaikytas 6XL gobtuvui.<\/p>\n<p>Su \u0161ia \u0161ilta ir mink\u0161ta vilna poj\u016btis lyg priglustum prie avies, su flanel\u0117s audinys i\u0161or\u0117je ir \u0161erpa vilna vidin\u0117je pus\u0117je. Be to, produktas i\u0161gautas nenaudojant jokio \u017eiaurumo.<\/p>\n<p>&#8211; Lengvai skalbiama ir pri\u017ei\u016brima. Tiesiog plaukite skabimo ma\u0161inoje!<\/p>\n<p>Tai puikus kompanionas beveik kiekviename \u017eingsnyje: vasaros stovykloje, poilsiui namuose, laiko praleidimui su draugais, prisiglaudimui prie savo augintinio ar bet kur, kur tik sugalvosite&#8230;<\/p>\n<p>&#8211; Ar nor\u0117tum\u0117te padovanoti \u201eUppari\u201c? Kiekvienoje pakuot\u0117je rasite prid\u0117t\u0105 NEMOKAM\u0104 dovan\u0173 kaspin\u0105!<\/p>\n<p>KOD\u0116L PIRKTI PAS MUS?<br \/>\nNEMOKAMAS SIUNTIMAS IR GR\u0104\u017dINIMAI VISIEMS U\u017dSAKYMAMS SUOMIJOJE.<br \/>\n100% pasitenkinimo garantija arba pinig\u0173 gr\u0105\u017einimas. Susisiekite su mumis d\u0117l gr\u0105\u017einimo pra\u0161ym\u0173.<br \/>\nAuk\u0161\u010diausios kokyb\u0117s med\u017eiaga, u\u017etikrinanti i\u0161skirtin\u0119 patirt\u012f ir komfort\u0105.<br \/>\n100% jokio \u017eiaurumo su gyv\u016bnais<br \/>\n\u201eUppari\u201c antklod\u0117s yra ilgesn\u0117s nei daugumos m\u016bs\u0173 konkurent\u0173 &#8211; tai d\u0117l to jos ypa\u010d patogios ir u\u017edengia didesn\u0119 dal\u012f j\u016bs\u0173 koj\u0173.<\/p>\n<p>AR M\u0116GSTATE \u0160ILUM\u0104 IR JAUKUM\u0104?<br \/>\nUPPARI YRA TARSI MIL\u017dINI\u0160KAS SPALVINGAS APKABINIMAS.<\/p>\n<p>PUIKIAI TINKA:<br \/>\nVasaros stovyklos kelion\u0117ms<br \/>\nTais \u0161altais \u017eiemos rytais<br \/>\nFilm\u0173 \u017ei\u016br\u0117jimui su draugais<br \/>\nVakaro sn\u016bstel\u0117jimams<\/p>\n<p>NELAUKITE!<\/p>\n<p>D\u0117l didel\u0117s paklausos prek\u0117s da\u017enai b\u016bna i\u0161parduotos. Jei turite daugiau klausim\u0173, ra\u0161ykite mums el. lai\u0161k\u0105 help@uppari.com<\/p>\n<p>&nbsp;<\/p>\n","protected":false},"excerpt":{"rendered":"<p>&nbsp; &#8211; \u201eUppari\u201c yra itin mink\u0161ta, universalaus dyd\u017eio antklod\u0117 su gobtuvu. Dizainas pritaikytas 6XL gobtuvui. Su \u0161ia \u0161ilta ir mink\u0161ta vilna poj\u016btis lyg priglustum prie avies, su flanel\u0117s audinys i\u0161or\u0117je ir \u0161erpa vilna vidin\u0117je pus\u0117je. Be to, produktas i\u0161gautas nenaudojant jokio \u017eiaurumo. &#8211; Lengvai skalbiama ir pri\u017ei\u016brima. Tiesiog plaukite skabimo ma\u0161inoje! Tai puikus kompanionas beveik [&#8230;]\n","protected":false},"featured_media":1033,"comment_status":"open","ping_status":"closed","template":"","meta":[],"product_brand":[],"product_cat":[138],"product_tag":[],"class_list":{"0":"post-1663","1":"product","2":"type-product","3":"status-publish","4":"has-post-thumbnail","6":"product_cat-neklasifikuojama","8":"first","9":"instock","10":"sale","11":"taxable","12":"shipping-taxable","13":"purchasable","14":"product-type-simple"},"_links":{"self":[{"href":"https:\/\/uppari.fi\/lt\/wp-json\/wp\/v2\/product\/1663","targetHints":{"allow":["GET"]}}],"collection":[{"href":"https:\/\/uppari.fi\/lt\/wp-json\/wp\/v2\/product"}],"about":[{"href":"https:\/\/uppari.fi\/lt\/wp-json\/wp\/v2\/types\/product"}],"replies":[{"embeddable":true,"href":"https:\/\/uppari.fi\/lt\/wp-json\/wp\/v2\/comments?post=1663"}],"wp:featuredmedia":[{"embeddable":true,"href":"https:\/\/uppari.fi\/lt\/wp-json\/wp\/v2\/media\/1033"}],"wp:attachment":[{"href":"https:\/\/uppari.fi\/lt\/wp-json\/wp\/v2\/media?parent=1663"}],"wp:term":[{"taxonomy":"product_brand","embeddable":true,"href":"https:\/\/uppari.fi\/lt\/wp-json\/wp\/v2\/product_brand?post=1663"},{"taxonomy":"product_cat","embeddable":true,"href":"https:\/\/uppari.fi\/lt\/wp-json\/wp\/v2\/product_cat?post=1663"},{"taxonomy":"product_tag","embeddable":true,"href":"https:\/\/uppari.fi\/lt\/wp-json\/wp\/v2\/product_tag?post=1663"}],"curies":[{"name":"wp","href":"https:\/\/api.w.org\/{rel}","templated":true}]}}