{"id":1687,"date":"2021-11-27T10:37:42","date_gmt":"2022-01-22T08:15:04","guid":{"rendered":"https:\/\/uppari.fi\/product\/pilnigi-tumsi-peleks-uppari-ar-kapuci\/"},"modified":"2025-06-12T17:05:09","modified_gmt":"2025-06-12T14:05:09","slug":"pilnigi-tumsi-peleks-uppari-ar-kapuci","status":"publish","type":"product","link":"https:\/\/uppari.fi\/lv\/produkts\/pilnigi-tumsi-peleks-uppari-ar-kapuci\/","title":{"rendered":"Piln\u012bgi tum\u0161i pel\u0113ks uppari ar kapuci"},"content":{"rendered":"<p>&nbsp;<\/p>\n<p>&#8211; Uppari ir \u012bpa\u0161i m\u012bksta, univers\u0101la izm\u0113ra sega ar kapuci. Izstr\u0101d\u0101juma pamat\u0101 ir 6XL izm\u0113ra jaka ar kapuci.<\/p>\n<p>\u0160\u012b silt\u0101 un m\u012bkst\u0101 vilnas sega piel\u012bdzin\u0101ma saj\u016btai, k\u0101da rodas, gl\u0101stot aitu, jo segas \u0101rpuse gatavota no flane\u013ca, bet iek\u0161puse &#8211; no \u0161erpas. Turkl\u0101t \u0161is izstr\u0101d\u0101jums 100% ra\u017eots bez ne\u017e\u0113l\u012bbas pret dz\u012bvniekiem.<\/p>\n<p>&#8211; Viegli mazg\u0101jams un kopjams. Var mazg\u0101t ve\u013cas ma\u0161\u012bn\u0101!<\/p>\n<p>Izstr\u0101d\u0101jums lieliski piem\u0113rots da\u017e\u0101d\u0101m aktivit\u0101t\u0113m: vasaras kempingam, atp\u016btai m\u0101j\u0101s, laika pavad\u012b\u0161anai ar draugiem, m\u0101jdz\u012bvnieku sam\u012b\u013co\u0161anai vai jebkam citam, ko v\u0113laties dar\u012bt&#8230;<\/p>\n<p>&#8211; V\u0113laties uzd\u0101vin\u0101t Uppari produktus? BEZMAKSAS tauri\u0146\u0161 katr\u0101 iepakojum\u0101!<\/p>\n<p>K\u0100P\u0112C IEPIRKTIES PIE MUMS?<br \/>\nBEZMAKSAS PIEG\u0100DE UN ATGRIE\u0160ANA VISIEM PAS\u016aT\u012aJUMIEM.<br \/>\n100% apmierin\u0101t\u012bbas garantija vai naudas atdo\u0161ana. L\u016bdzu, sazinieties ar mums, lai sa\u0146emtu atmaksu.<br \/>\nAugst\u0101k\u0101s kvalit\u0101tes materi\u0101ls, garant\u0113jam izcilu komfortu un siltumu.<br \/>\n100% ra\u017eots bez ne\u017e\u0113l\u012bbas pret dz\u012bvniekiem<br \/>\nUppari izstr\u0101d\u0101jumi ir gar\u0101ki, sal\u012bdzinot ar liel\u0101ko da\u013cu m\u016bsu konkurentu, t\u0101d\u0113j\u0101di tie ir \u012bpa\u0161i \u0113rti lietojami un sedz liel\u0101ko da\u013cu k\u0101ju.<\/p>\n<p>VAI JUMS PAT\u012aK ATRASTIES SILTUM\u0100 UN JUSTIES OMUL\u012aGI?<br \/>\nUPPARI IR K\u0100 MILZ\u012aGS KR\u0100SAINS APSK\u0100VIENS.<\/p>\n<p>IDE\u0100LI PIEM\u0112ROTS:<br \/>\nVasaras kempingiem<br \/>\nSaltiem, aukstiem r\u012btiem<br \/>\nSkatoties filmas ar draugiem<br \/>\nVakara snaudai<\/p>\n<p>NEGAIDIET!<\/p>\n<p>Liel\u0101 piepras\u012bjuma d\u0113\u013c preces bie\u017ei vien ir izp\u0101rdotas. Ja ir v\u0113l k\u0101di jaut\u0101jumi, l\u016bdzu, rakstiet uz: help@uppari.com<\/p>\n<p>&nbsp;<\/p>\n","protected":false},"excerpt":{"rendered":"<p>&nbsp; &#8211; Uppari ir \u012bpa\u0161i m\u012bksta, univers\u0101la izm\u0113ra sega ar kapuci. Izstr\u0101d\u0101juma pamat\u0101 ir 6XL izm\u0113ra jaka ar kapuci. \u0160\u012b silt\u0101 un m\u012bkst\u0101 vilnas sega piel\u012bdzin\u0101ma saj\u016btai, k\u0101da rodas, gl\u0101stot aitu, jo segas \u0101rpuse gatavota no flane\u013ca, bet iek\u0161puse &#8211; no \u0161erpas. Turkl\u0101t \u0161is izstr\u0101d\u0101jums 100% ra\u017eots bez ne\u017e\u0113l\u012bbas pret dz\u012bvniekiem. &#8211; Viegli mazg\u0101jams un [&#8230;]\n","protected":false},"featured_media":1160,"comment_status":"open","ping_status":"closed","template":"","meta":[],"product_brand":[],"product_cat":[136],"product_tag":[],"class_list":{"0":"post-1687","1":"product","2":"type-product","3":"status-publish","4":"has-post-thumbnail","6":"product_cat-neklasificeta","8":"first","9":"instock","10":"sale","11":"taxable","12":"shipping-taxable","13":"purchasable","14":"product-type-simple"},"_links":{"self":[{"href":"https:\/\/uppari.fi\/lv\/wp-json\/wp\/v2\/product\/1687","targetHints":{"allow":["GET"]}}],"collection":[{"href":"https:\/\/uppari.fi\/lv\/wp-json\/wp\/v2\/product"}],"about":[{"href":"https:\/\/uppari.fi\/lv\/wp-json\/wp\/v2\/types\/product"}],"replies":[{"embeddable":true,"href":"https:\/\/uppari.fi\/lv\/wp-json\/wp\/v2\/comments?post=1687"}],"wp:featuredmedia":[{"embeddable":true,"href":"https:\/\/uppari.fi\/lv\/wp-json\/wp\/v2\/media\/1160"}],"wp:attachment":[{"href":"https:\/\/uppari.fi\/lv\/wp-json\/wp\/v2\/media?parent=1687"}],"wp:term":[{"taxonomy":"product_brand","embeddable":true,"href":"https:\/\/uppari.fi\/lv\/wp-json\/wp\/v2\/product_brand?post=1687"},{"taxonomy":"product_cat","embeddable":true,"href":"https:\/\/uppari.fi\/lv\/wp-json\/wp\/v2\/product_cat?post=1687"},{"taxonomy":"product_tag","embeddable":true,"href":"https:\/\/uppari.fi\/lv\/wp-json\/wp\/v2\/product_tag?post=1687"}],"curies":[{"name":"wp","href":"https:\/\/api.w.org\/{rel}","templated":true}]}}