{"id":1681,"date":"2021-11-27T10:36:29","date_gmt":"2022-01-22T07:55:36","guid":{"rendered":"https:\/\/uppari.fi\/product\/rozowe-uppari-z-kapturem\/"},"modified":"2025-06-12T16:55:18","modified_gmt":"2025-06-12T13:55:18","slug":"rozowe-uppari-z-kapturem","status":"publish","type":"product","link":"https:\/\/uppari.fi\/pl\/produkt\/rozowe-uppari-z-kapturem\/","title":{"rendered":"R\u00f3\u017cowe uppari z kapturem"},"content":{"rendered":"<p>&nbsp;<\/p>\n<p>&#8211; Uppari to super mi\u0119kki, dopasowany do ka\u017cdego rozmiaru koc z kapturem. Wz\u00f3r zosta\u0142 oparty na bluzie z kapturem w rozmiarze 6XL.<\/p>\n<p>Ten ciep\u0142y i mi\u0119kki polar sprawia wra\u017cenie, jakby\u015bmy przytulali si\u0119 do owieczki okrytej flanel\u0105 na zewn\u0105trz i polarem typu &#8222;sherpa&#8221; wewn\u0105trz. Dodatkowo, produkt jest w 100% wolny od okrucie\u0144stwa wzgl\u0119dem zwierz\u0105t.<\/p>\n<p>&#8211; \u0141atwy do prania i piel\u0119gnacji. Wystarczy wypra\u0107 go w pralce!<\/p>\n<p>Jest to idealny towarzysz na prawie wszystko: letni biwak, relaks w domu, sp\u0119dzanie czasu z przyjaci\u00f3\u0142mi, przytulanie si\u0119 do swojego zwierzaka, lub cokolwiek innego, co zechcesz zrobi\u0107&#8230;<\/p>\n<p>&#8211; Czy chcia\u0142by\u015b\/chcia\u0142aby\u015b podarowa\u0107 Uppari? Do ka\u017cdej paczki do\u0142\u0105czamy smycz &#8211; GRATIS!<\/p>\n<p>DLACZEGO WARTO KUPI\u0106 U NAS?<br \/>\nDARMOWA WYSY\u0141KA I DARMOWE ZWROTY DLA WSZYSTKICH ZAM\u00d3WIE\u0143 W FINLANDII.<br \/>\n100% gwarancji satysfakcji lub zwrot pieni\u0119dzy. Prosimy o kontakt w sprawie zwrotu.<br \/>\nNajwy\u017cszej jako\u015bci materia\u0142, kt\u00f3ry gwarantuje wyj\u0105tkowe doznania i komfort.<br \/>\nMateria\u0142y do wykonania koca Uppari pozyskano w spos\u00f3b w 100% wolny od okrucie\u0144stwa wzgl\u0119dem zwierz\u0105t.<br \/>\nNasze koce Uppari s\u0105 d\u0142u\u017csze ni\u017c u wi\u0119kszo\u015bci naszych konkurent\u00f3w &#8211; to sprawia, \u017ce s\u0105 one wyj\u0105tkowo wygodne i pozwalaj\u0105 okry\u0107 wi\u0119ksz\u0105 cz\u0119\u015b\u0107 n\u00f3g.<\/p>\n<p>UWIELBIASZ CIEP\u0141O I PRZYTULNO\u015a\u0106?<br \/>\nUPPARI JEST JAK WIELKI KOLOROWY U\u015aCISK.<\/p>\n<p>UPPARI JEST IDEALNE NA:<br \/>\nletnie wyprawy na kemping<br \/>\nmro\u017ane, zimne poranki<br \/>\nogl\u0105danie film\u00f3w z przyjaci\u00f3\u0142mi<br \/>\nwieczorne drzemki<\/p>\n<p>NIE CZEKAJ!<\/p>\n<p>Ze wzgl\u0119du na du\u017cy popyt cz\u0119sto wyprzedajemy nasze produkty. Je\u015bli masz jakiekolwiek pytania, napisz do nas na adres help@uppari.com<\/p>\n<p>&nbsp;<\/p>\n","protected":false},"excerpt":{"rendered":"<p>&nbsp; &#8211; Uppari to super mi\u0119kki, dopasowany do ka\u017cdego rozmiaru koc z kapturem. Wz\u00f3r zosta\u0142 oparty na bluzie z kapturem w rozmiarze 6XL. Ten ciep\u0142y i mi\u0119kki polar sprawia wra\u017cenie, jakby\u015bmy przytulali si\u0119 do owieczki okrytej flanel\u0105 na zewn\u0105trz i polarem typu &#8222;sherpa&#8221; wewn\u0105trz. Dodatkowo, produkt jest w 100% wolny od okrucie\u0144stwa wzgl\u0119dem zwierz\u0105t. &#8211; [&#8230;]\n","protected":false},"featured_media":1210,"comment_status":"open","ping_status":"closed","template":"","meta":[],"product_brand":[],"product_cat":[139],"product_tag":[],"class_list":{"0":"post-1681","1":"product","2":"type-product","3":"status-publish","4":"has-post-thumbnail","6":"product_cat-uncategorized-pl","8":"first","9":"instock","10":"sale","11":"taxable","12":"shipping-taxable","13":"purchasable","14":"product-type-simple"},"_links":{"self":[{"href":"https:\/\/uppari.fi\/pl\/wp-json\/wp\/v2\/product\/1681","targetHints":{"allow":["GET"]}}],"collection":[{"href":"https:\/\/uppari.fi\/pl\/wp-json\/wp\/v2\/product"}],"about":[{"href":"https:\/\/uppari.fi\/pl\/wp-json\/wp\/v2\/types\/product"}],"replies":[{"embeddable":true,"href":"https:\/\/uppari.fi\/pl\/wp-json\/wp\/v2\/comments?post=1681"}],"wp:featuredmedia":[{"embeddable":true,"href":"https:\/\/uppari.fi\/pl\/wp-json\/wp\/v2\/media\/1210"}],"wp:attachment":[{"href":"https:\/\/uppari.fi\/pl\/wp-json\/wp\/v2\/media?parent=1681"}],"wp:term":[{"taxonomy":"product_brand","embeddable":true,"href":"https:\/\/uppari.fi\/pl\/wp-json\/wp\/v2\/product_brand?post=1681"},{"taxonomy":"product_cat","embeddable":true,"href":"https:\/\/uppari.fi\/pl\/wp-json\/wp\/v2\/product_cat?post=1681"},{"taxonomy":"product_tag","embeddable":true,"href":"https:\/\/uppari.fi\/pl\/wp-json\/wp\/v2\/product_tag?post=1681"}],"curies":[{"name":"wp","href":"https:\/\/api.w.org\/{rel}","templated":true}]}}