{"id":1674,"date":"2021-11-27T10:34:51","date_gmt":"2022-01-21T19:25:20","guid":{"rendered":"https:\/\/uppari.fi\/product\/en-gra-uppari-med-huva\/"},"modified":"2025-06-12T16:52:30","modified_gmt":"2025-06-12T13:52:30","slug":"en-gra-uppari-med-huva","status":"publish","type":"product","link":"https:\/\/uppari.fi\/sv\/produkt\/en-gra-uppari-med-huva\/","title":{"rendered":"En gr\u00e5 uppari med huva"},"content":{"rendered":"<p>&nbsp;<\/p>\n<p>&#8211; Uppari \u00e4r ett supermjukt t\u00e4cke med en luva i universell storlek som passar de flesta. Designen \u00e4r baserad p\u00e5 en 6XL hoodie.<\/p>\n<p>Den varma och mjuka fleecen k\u00e4nns som att man \u00e4r omgiven av ett lamm med flanell p\u00e5 utsidan och sherpa p\u00e5 insidan. Dessutom \u00e4r produkten till 100% cruelty-free.<\/p>\n<p>&#8211; Enkel att tv\u00e4tta och sk\u00f6ta. Tv\u00e4tta den helt enkelt i tv\u00e4ttmaskinen!<\/p>\n<p>Den \u00e4r en perfekt kompanjon i n\u00e4stan alla sammanhang: T\u00e4ltning, avkoppling hemma, tid med kompisar, gosa med djur och allt annat man kan g\u00f6ra&#8230;<\/p>\n<p>&#8211; Vill du ge Upparin i present? Varje f\u00f6rpackning har en GRATIS skyddsv\u00e4ska!<\/p>\n<p>VARF\u00d6R SKA DU K\u00d6PA HOS OSS?<br \/>\nGRATIS LEVERANS OCH RETUR F\u00d6R ALLA FINSKA BEST\u00c4LLNINGAR.<br \/>\n100% pengarna-tillbaka-garanti. Kontakta oss f\u00f6r returf\u00f6rfr\u00e5gan.<br \/>\nMaterial av h\u00f6gsta kvalitet som s\u00e4kerst\u00e4ller en uts\u00f6kt anv\u00e4ndarerfarenhet och bekv\u00e4mlighet.<br \/>\n100% Cruelty Free<br \/>\nUpparin \u00e4r l\u00e4ngre \u00e4n flesta av v\u00e5ra konkurrenter &#8211; det g\u00f6r dem \u00e4nnu bekv\u00e4mare och t\u00e4cker en st\u00f6rre del av dina ben.<\/p>\n<p>\u00c4LSKAR DU ATT VARA VARM OCH MYSIG?<br \/>\nUPPARI \u00c4R SOM EN GIGANTISK F\u00c4RGGLAD KRAM.<\/p>\n<p>DEN \u00c4R PERFEKT F\u00d6R:<br \/>\nT\u00e4ltningar p\u00e5 sommaren<br \/>\nKalla vintermorgnar<br \/>\nFilmkv\u00e4llar med kompisar<br \/>\nKv\u00e4llslurar<\/p>\n<p>V\u00c4NTA INTE!<\/p>\n<p>P\u00e5 grund av stor efterfr\u00e5gan finns ofta inte varorna i lager. Har du n\u00e5gra fr\u00e5gor, tveka inte att kontakta oss p\u00e5 help@uppari.com<\/p>\n<p>&nbsp;<\/p>\n","protected":false},"excerpt":{"rendered":"<p>&nbsp; &#8211; Uppari \u00e4r ett supermjukt t\u00e4cke med en luva i universell storlek som passar de flesta. Designen \u00e4r baserad p\u00e5 en 6XL hoodie. Den varma och mjuka fleecen k\u00e4nns som att man \u00e4r omgiven av ett lamm med flanell p\u00e5 utsidan och sherpa p\u00e5 insidan. Dessutom \u00e4r produkten till 100% cruelty-free. &#8211; Enkel att [&#8230;]\n","protected":false},"featured_media":1149,"comment_status":"open","ping_status":"closed","template":"","meta":[],"product_brand":[],"product_cat":[141],"product_tag":[],"class_list":{"0":"post-1674","1":"product","2":"type-product","3":"status-publish","4":"has-post-thumbnail","6":"product_cat-uncategorized-sv","8":"first","9":"instock","10":"sale","11":"taxable","12":"shipping-taxable","13":"purchasable","14":"product-type-simple"},"_links":{"self":[{"href":"https:\/\/uppari.fi\/sv\/wp-json\/wp\/v2\/product\/1674","targetHints":{"allow":["GET"]}}],"collection":[{"href":"https:\/\/uppari.fi\/sv\/wp-json\/wp\/v2\/product"}],"about":[{"href":"https:\/\/uppari.fi\/sv\/wp-json\/wp\/v2\/types\/product"}],"replies":[{"embeddable":true,"href":"https:\/\/uppari.fi\/sv\/wp-json\/wp\/v2\/comments?post=1674"}],"wp:featuredmedia":[{"embeddable":true,"href":"https:\/\/uppari.fi\/sv\/wp-json\/wp\/v2\/media\/1149"}],"wp:attachment":[{"href":"https:\/\/uppari.fi\/sv\/wp-json\/wp\/v2\/media?parent=1674"}],"wp:term":[{"taxonomy":"product_brand","embeddable":true,"href":"https:\/\/uppari.fi\/sv\/wp-json\/wp\/v2\/product_brand?post=1674"},{"taxonomy":"product_cat","embeddable":true,"href":"https:\/\/uppari.fi\/sv\/wp-json\/wp\/v2\/product_cat?post=1674"},{"taxonomy":"product_tag","embeddable":true,"href":"https:\/\/uppari.fi\/sv\/wp-json\/wp\/v2\/product_tag?post=1674"}],"curies":[{"name":"wp","href":"https:\/\/api.w.org\/{rel}","templated":true}]}}